{"id":412,"date":"2019-12-11T10:47:15","date_gmt":"2019-12-11T09:47:15","guid":{"rendered":"https:\/\/sagschneiderhof.it\/colophone\/"},"modified":"2019-12-11T10:47:15","modified_gmt":"2019-12-11T09:47:15","slug":"colophone","status":"publish","type":"page","link":"https:\/\/sagschneiderhof.it\/it\/colophone\/","title":{"rendered":"Colophone"},"content":{"rendered":"<h1>Colophone<\/h1>\n<p><strong>Proprietario e editore:<\/strong><br \/>\nSagschneiderhof<br \/>\n<span class=\"s1\">Kaserer Egon<br \/>\n<\/span>via Segheria 12<br \/>\n39025 Plaus\/Naturno<\/p>\n<p>Tel: +39 3314515916<br \/>\nFax: +39 0473672584<br \/>\nPartita IVA <span class=\"s1\">02402970210<\/span><\/p>\n<p><strong>Webdesign e programmazione:<\/strong><br \/>\nfahrner | web . grafik &#8211; <a href=\"http:\/\/www.fahrner.it\" target=\"_blank\" rel=\"noopener noreferrer\">www.fahrner.it<\/a><\/p>\n<h3>I<\/h3>\n<h3>nformazione obbligatoria<\/h3>\n<p><strong>ai sensi del Regolamento UE n. 524\/2016 del Parlamento europeo e del Consiglio<br \/>\n<\/strong>Piattaforma per la risoluzione delle controversie online dei consumatori (ODR) della Commissione europea:\u00a0<a href=\"http:\/\/ec.europa.eu\/consumers\/odr\/\" target=\"_blank\" rel=\"noopener noreferrer\">http:\/\/ec.europa.eu\/consumers\/odr\/<\/a><\/p>\n<p>&nbsp;<\/p>\n<h3>Indicazioni importanti<\/h3>\n<p>Tutte le informazioni contenute nella pagina sono protette da diritti d\u2019autore e di propriet\u00e0. L\u2019uso e la diffusione sono riservate esclusivamente ad uso personale. Ogni uso diverso deve essere consentito per iscritto. Questo riguarda soprattutto la riproduzione, traduzione, la riproduzione cinematografica, memorizzazione e diffusione mediate mezzi elettronici.<\/p>\n<h3>Esclusione dalla responsabilit\u00e0<\/h3>\n<p>Molti \u201elink\u201c conducono dalla pagina internet (\u201eInternetsite\u201c) a pagine esterne gestite e\/o pubblicate da esercizi esterni. Queste pagine non possono essere controllate da noi. Per questo motivo non possiamo assumerci nessuna responsabilit\u00e0 sull\u2019eventuale contenuto. Solo gli esercizi esterni sono responsabili del contenuto di dette pagine. Al momento della messa in rete della nostra pagina web non sono stati riscontrati contenuti illegali. Ci dissociamo da eventuali prese di posizioni contenute nei link esterni. Il nostro sito web viene attualizzato regolarmente. Tuttavia non possiamo garantire la piena esattezza, conformit\u00e0, legittimit\u00e0, attualit\u00e0 e completezza dei dati ivi contenuti.<\/p>\n","protected":false},"excerpt":{"rendered":"<p>Colophone Proprietario e editore: Sagschneiderhof Kaserer Egon via Segheria 12 39025 Plaus\/Naturno Tel: +39 3314515916 Fax: +39 0473672584 Partita IVA 02402970210 Webdesign e programmazione: fahrner | web . grafik &#8211;&#8230;<\/p>\n","protected":false},"author":2,"featured_media":0,"parent":0,"menu_order":0,"comment_status":"closed","ping_status":"closed","template":"","meta":{"footnotes":""},"class_list":["post-412","page","type-page","status-publish"],"yoast_head":"<!-- This site is optimized with the Yoast SEO plugin v27.4 - https:\/\/yoast.com\/product\/yoast-seo-wordpress\/ -->\n<title>Colophone - Sagschneiderhof<\/title>\n<meta name=\"robots\" content=\"index, follow, max-snippet:-1, max-image-preview:large, max-video-preview:-1\" \/>\n<link rel=\"canonical\" href=\"https:\/\/sagschneiderhof.it\/it\/colophone\/\" \/>\n<meta property=\"og:locale\" content=\"it_IT\" \/>\n<meta property=\"og:type\" content=\"article\" \/>\n<meta property=\"og:title\" content=\"Colophone - Sagschneiderhof\" \/>\n<meta property=\"og:description\" content=\"Colophone Proprietario e editore: Sagschneiderhof Kaserer Egon via Segheria 12 39025 Plaus\/Naturno Tel: +39 3314515916 Fax: +39 0473672584 Partita IVA 02402970210 Webdesign e programmazione: fahrner | web . grafik &#8211;...\" \/>\n<meta property=\"og:url\" content=\"https:\/\/sagschneiderhof.it\/it\/colophone\/\" \/>\n<meta property=\"og:site_name\" content=\"Sagschneiderhof\" \/>\n<meta property=\"og:image\" content=\"https:\/\/sagschneiderhof.it\/wordpress\/wp-content\/uploads\/2019\/11\/sagschneiderhof_naturns-02.jpg\" \/>\n\t<meta property=\"og:image:width\" content=\"1920\" \/>\n\t<meta property=\"og:image:height\" content=\"1280\" \/>\n\t<meta property=\"og:image:type\" content=\"image\/jpeg\" \/>\n<meta name=\"twitter:card\" content=\"summary_large_image\" \/>\n<meta name=\"twitter:label1\" content=\"Tempo di lettura stimato\" \/>\n\t<meta name=\"twitter:data1\" content=\"1 minute\" \/>\n<script type=\"application\/ld+json\" class=\"yoast-schema-graph\">{\"@context\":\"https:\\\/\\\/schema.org\",\"@graph\":[{\"@type\":\"WebPage\",\"@id\":\"https:\\\/\\\/sagschneiderhof.it\\\/it\\\/colophone\\\/\",\"url\":\"https:\\\/\\\/sagschneiderhof.it\\\/it\\\/colophone\\\/\",\"name\":\"Colophone - Sagschneiderhof\",\"isPartOf\":{\"@id\":\"https:\\\/\\\/sagschneiderhof.it\\\/#website\"},\"datePublished\":\"2019-12-11T09:47:15+00:00\",\"breadcrumb\":{\"@id\":\"https:\\\/\\\/sagschneiderhof.it\\\/it\\\/colophone\\\/#breadcrumb\"},\"inLanguage\":\"it-IT\",\"potentialAction\":[{\"@type\":\"ReadAction\",\"target\":[\"https:\\\/\\\/sagschneiderhof.it\\\/it\\\/colophone\\\/\"]}]},{\"@type\":\"BreadcrumbList\",\"@id\":\"https:\\\/\\\/sagschneiderhof.it\\\/it\\\/colophone\\\/#breadcrumb\",\"itemListElement\":[{\"@type\":\"ListItem\",\"position\":1,\"name\":\"Start\",\"item\":\"https:\\\/\\\/sagschneiderhof.it\\\/it\\\/home-it\\\/\"},{\"@type\":\"ListItem\",\"position\":2,\"name\":\"Colophone\"}]},{\"@type\":\"WebSite\",\"@id\":\"https:\\\/\\\/sagschneiderhof.it\\\/#website\",\"url\":\"https:\\\/\\\/sagschneiderhof.it\\\/\",\"name\":\"Sagschneiderhof\",\"description\":\"Urlaub auf dem Bauernhof\",\"publisher\":{\"@id\":\"https:\\\/\\\/sagschneiderhof.it\\\/#organization\"},\"potentialAction\":[{\"@type\":\"SearchAction\",\"target\":{\"@type\":\"EntryPoint\",\"urlTemplate\":\"https:\\\/\\\/sagschneiderhof.it\\\/?s={search_term_string}\"},\"query-input\":{\"@type\":\"PropertyValueSpecification\",\"valueRequired\":true,\"valueName\":\"search_term_string\"}}],\"inLanguage\":\"it-IT\"},{\"@type\":\"Organization\",\"@id\":\"https:\\\/\\\/sagschneiderhof.it\\\/#organization\",\"name\":\"Sagschneiderhof\",\"url\":\"https:\\\/\\\/sagschneiderhof.it\\\/\",\"logo\":{\"@type\":\"ImageObject\",\"inLanguage\":\"it-IT\",\"@id\":\"https:\\\/\\\/sagschneiderhof.it\\\/#\\\/schema\\\/logo\\\/image\\\/\",\"url\":\"https:\\\/\\\/sagschneiderhof.it\\\/wordpress\\\/wp-content\\\/uploads\\\/2019\\\/11\\\/cropped-Sagschneiderhof_Logo.png\",\"contentUrl\":\"https:\\\/\\\/sagschneiderhof.it\\\/wordpress\\\/wp-content\\\/uploads\\\/2019\\\/11\\\/cropped-Sagschneiderhof_Logo.png\",\"width\":512,\"height\":512,\"caption\":\"Sagschneiderhof\"},\"image\":{\"@id\":\"https:\\\/\\\/sagschneiderhof.it\\\/#\\\/schema\\\/logo\\\/image\\\/\"}}]}<\/script>\n<!-- \/ Yoast SEO plugin. -->","yoast_head_json":{"title":"Colophone - Sagschneiderhof","robots":{"index":"index","follow":"follow","max-snippet":"max-snippet:-1","max-image-preview":"max-image-preview:large","max-video-preview":"max-video-preview:-1"},"canonical":"https:\/\/sagschneiderhof.it\/it\/colophone\/","og_locale":"it_IT","og_type":"article","og_title":"Colophone - Sagschneiderhof","og_description":"Colophone Proprietario e editore: Sagschneiderhof Kaserer Egon via Segheria 12 39025 Plaus\/Naturno Tel: +39 3314515916 Fax: +39 0473672584 Partita IVA 02402970210 Webdesign e programmazione: fahrner | web . grafik &#8211;...","og_url":"https:\/\/sagschneiderhof.it\/it\/colophone\/","og_site_name":"Sagschneiderhof","og_image":[{"width":1920,"height":1280,"url":"https:\/\/sagschneiderhof.it\/wordpress\/wp-content\/uploads\/2019\/11\/sagschneiderhof_naturns-02.jpg","type":"image\/jpeg"}],"twitter_card":"summary_large_image","twitter_misc":{"Tempo di lettura stimato":"1 minute"},"schema":{"@context":"https:\/\/schema.org","@graph":[{"@type":"WebPage","@id":"https:\/\/sagschneiderhof.it\/it\/colophone\/","url":"https:\/\/sagschneiderhof.it\/it\/colophone\/","name":"Colophone - Sagschneiderhof","isPartOf":{"@id":"https:\/\/sagschneiderhof.it\/#website"},"datePublished":"2019-12-11T09:47:15+00:00","breadcrumb":{"@id":"https:\/\/sagschneiderhof.it\/it\/colophone\/#breadcrumb"},"inLanguage":"it-IT","potentialAction":[{"@type":"ReadAction","target":["https:\/\/sagschneiderhof.it\/it\/colophone\/"]}]},{"@type":"BreadcrumbList","@id":"https:\/\/sagschneiderhof.it\/it\/colophone\/#breadcrumb","itemListElement":[{"@type":"ListItem","position":1,"name":"Start","item":"https:\/\/sagschneiderhof.it\/it\/home-it\/"},{"@type":"ListItem","position":2,"name":"Colophone"}]},{"@type":"WebSite","@id":"https:\/\/sagschneiderhof.it\/#website","url":"https:\/\/sagschneiderhof.it\/","name":"Sagschneiderhof","description":"Urlaub auf dem Bauernhof","publisher":{"@id":"https:\/\/sagschneiderhof.it\/#organization"},"potentialAction":[{"@type":"SearchAction","target":{"@type":"EntryPoint","urlTemplate":"https:\/\/sagschneiderhof.it\/?s={search_term_string}"},"query-input":{"@type":"PropertyValueSpecification","valueRequired":true,"valueName":"search_term_string"}}],"inLanguage":"it-IT"},{"@type":"Organization","@id":"https:\/\/sagschneiderhof.it\/#organization","name":"Sagschneiderhof","url":"https:\/\/sagschneiderhof.it\/","logo":{"@type":"ImageObject","inLanguage":"it-IT","@id":"https:\/\/sagschneiderhof.it\/#\/schema\/logo\/image\/","url":"https:\/\/sagschneiderhof.it\/wordpress\/wp-content\/uploads\/2019\/11\/cropped-Sagschneiderhof_Logo.png","contentUrl":"https:\/\/sagschneiderhof.it\/wordpress\/wp-content\/uploads\/2019\/11\/cropped-Sagschneiderhof_Logo.png","width":512,"height":512,"caption":"Sagschneiderhof"},"image":{"@id":"https:\/\/sagschneiderhof.it\/#\/schema\/logo\/image\/"}}]}},"_links":{"self":[{"href":"https:\/\/sagschneiderhof.it\/it\/wp-json\/wp\/v2\/pages\/412","targetHints":{"allow":["GET"]}}],"collection":[{"href":"https:\/\/sagschneiderhof.it\/it\/wp-json\/wp\/v2\/pages"}],"about":[{"href":"https:\/\/sagschneiderhof.it\/it\/wp-json\/wp\/v2\/types\/page"}],"author":[{"embeddable":true,"href":"https:\/\/sagschneiderhof.it\/it\/wp-json\/wp\/v2\/users\/2"}],"replies":[{"embeddable":true,"href":"https:\/\/sagschneiderhof.it\/it\/wp-json\/wp\/v2\/comments?post=412"}],"version-history":[{"count":0,"href":"https:\/\/sagschneiderhof.it\/it\/wp-json\/wp\/v2\/pages\/412\/revisions"}],"wp:attachment":[{"href":"https:\/\/sagschneiderhof.it\/it\/wp-json\/wp\/v2\/media?parent=412"}],"curies":[{"name":"wp","href":"https:\/\/api.w.org\/{rel}","templated":true}]}}